{"id":12244,"date":"2022-08-24T10:25:29","date_gmt":"2022-08-24T10:25:29","guid":{"rendered":"https:\/\/www.jobstoday.world\/blog\/?page_id=12244"},"modified":"2022-08-24T10:25:58","modified_gmt":"2022-08-24T10:25:58","slug":"tipo-de-trabajo","status":"publish","type":"page","link":"https:\/\/www.stagjobstoday.world\/blog\/es\/tipo-de-trabajo\/","title":{"rendered":"Tipo de trabajo"},"content":{"rendered":"\t\t<div data-elementor-type=\"wp-page\" data-elementor-id=\"12244\" class=\"elementor elementor-12244\">\n\t\t\t\t\t\t\t\t\t<section class=\"elementor-section elementor-top-section elementor-element elementor-element-1d546e8 elementor-section-full_width elementor-section-height-default elementor-section-height-default\" data-id=\"1d546e8\" data-element_type=\"section\">\n\t\t\t\t\t\t<div class=\"elementor-container elementor-column-gap-default\">\n\t\t\t\t\t<div class=\"elementor-column elementor-col-100 elementor-top-column elementor-element elementor-element-9cfce75\" data-id=\"9cfce75\" data-element_type=\"column\">\n\t\t\t<div class=\"elementor-widget-wrap elementor-element-populated\">\n\t\t\t\t\t\t\t\t<div class=\"elementor-element elementor-element-de5efd3 elementor-widget elementor-widget-nomady-posts-list\" data-id=\"de5efd3\" data-element_type=\"widget\" data-widget_type=\"nomady-posts-list.default\">\n\t\t\t\t<div class=\"elementor-widget-container\">\n\t\t\t<div id=\"mnmd-post-listing-de5efd3\" class=\"mnmd-post-listing mnmd-post-listing-list-portrait-no-sidebar\">        <section class=\"mnmd-section mnmd-section-main-section post-listing-section post-listing-section-list-portrait-no-sidebar\">\n            <div class=\"container\">\n                <div class=\"mnmd-section-inner\">\n                    \n                            <div class=\"post-listing-wrapper\" data-layout=\"list-portrait-no-sidebar\" data-query=\"orderby=date&amp;order=desc&amp;ignore_sticky_posts=1&amp;post_status=publish&amp;posts_per_page=4&amp;offset=0&amp;post_type=post&amp;tax_query%5B0%5D%5Btaxonomy%5D=category&amp;tax_query%5B0%5D%5Bfield%5D=term_id&amp;tax_query%5B0%5D%5Bterms%5D%5B0%5D=219\" data-current-page=\"1\" data-max-pages=\"1\" data-posts-per-page=\"4\" data-offset=\"0\" data-ignore-sticky-posts=\"yes\" data-columns=\"\" data-post-template=\"portrait-xl\" data-thumb-reverse=\"\" data-thumb-original-ratio=\"no\" data-post-format-icon=\"no\" data-post-meta-author=\"\" data-post-meta-date=\"no\">\r\n            <div class=\"post-listing-content stream-list-lg\">\r\n                <div class=\"stream-list-item\"><article class=\"post-item post-portrait post-portrait-xl post-7956 post type-post status-publish format-standard has-post-thumbnail hentry category-tipo-de-trabajo\">\r\n\t<div class=\"post-image text-center\"><img decoding=\"async\" width=\"1280\" height=\"800\" src=\"https:\/\/www.stagjobstoday.world\/blog\/wp-content\/uploads\/2022\/08\/trabajo-de-canguro-1280x800.webp\" class=\"attachment-nomady_lg_2_1 size-nomady_lg_2_1 wp-post-image\" alt=\"\" loading=\"lazy\" \/><a href=\"https:\/\/www.stagjobstoday.world\/blog\/es\/trabajo-de-canguro\/\" class=\"link-overlay\"><\/a><\/div>\r\n\t<div class=\"post-text px-md-5\">\r\n\t\t<div class=\"post-meta\">\r\n\t\t\t\t\t\t<ul class=\"mnmd-post-categories\">\r\n\t\t\t<li><a class=\"post-category font-meta\" href=\"https:\/\/www.stagjobstoday.world\/blog\/es\/category\/tipo-de-trabajo\/\" title=\"View all posts in Tipo de trabajo\" rel=\"tag\">Tipo de trabajo<\/a><\/li>\t\t\t<\/ul>\r\n\t\t\t\t\t<\/div>\r\n\r\n\t\t<h3 id=\"como-de-facil-es-conseguir-trabajo-de-canguro\" class=\"h1-md h2-lg post-title entry-title h1-xl\">\r\n\t\t\t<a href=\"https:\/\/www.stagjobstoday.world\/blog\/es\/trabajo-de-canguro\/\" rel=\"bookmark\">\u00bfC\u00f3mo de f\u00e1cil es conseguir trabajo de canguro?<\/a>\r\n\t\t<\/h3>\r\n\r\n\t\t\t\t\t<div class=\"post-excerpt post-excerpt-lg\">\r\n\t\t\t\tLa idea de que el trabajo de canguro es sencillo y est\u00e1 destinado \u00fanicamente a j\u00f3venes estudiantes que buscan ganar dinero est\u00e1 anticuada.\t\t\t<\/div>\r\n\t\t\r\n\t\t\t\t\t<div class=\"post-footer d-flex justify-content-between flex-wrap\">\r\n\t\t\t\t<div class=\"post-meta post-footer-left mr-3\">\r\n\t\t\t\t\t<span class=\"post-author\">By&#8287;<a href=\"https:\/\/www.stagjobstoday.world\/blog\/es\/author\/adrian\/\" title=\"Entradas de Adrian\" rel=\"author\">Adrian<\/a><\/span>\t\t\t\t<\/div>\r\n\r\n\t\t\t\t<div class=\"post-meta post-footer-right\">\r\n\t\t\t\t\t<a class=\"post-footer-read-more st-btn-icon-animation-on-hover\" href=\"https:\/\/www.stagjobstoday.world\/blog\/es\/trabajo-de-canguro\/\">Read more<\/a>\r\n\t\t\t\t<\/div>\r\n\t\t\t<\/div>\r\n\t\t\t<\/div>\r\n<\/article><\/div><div class=\"stream-list-item\"><article class=\"post-item post-portrait post-portrait-xl post-8906 post type-post status-publish format-standard has-post-thumbnail hentry category-tipo-de-trabajo\">\r\n\t<div class=\"post-image text-center\"><img decoding=\"async\" width=\"842\" height=\"800\" src=\"https:\/\/www.stagjobstoday.world\/blog\/wp-content\/uploads\/2022\/08\/trabajar-en-amazon-842x800.webp\" class=\"attachment-nomady_lg_2_1 size-nomady_lg_2_1 wp-post-image\" alt=\"\" loading=\"lazy\" \/><a href=\"https:\/\/www.stagjobstoday.world\/blog\/es\/la-guia-definitiva-para-trabajar-en-amazon\/\" class=\"link-overlay\"><\/a><\/div>\r\n\t<div class=\"post-text px-md-5\">\r\n\t\t<div class=\"post-meta\">\r\n\t\t\t\t\t\t<ul class=\"mnmd-post-categories\">\r\n\t\t\t<li><a class=\"post-category font-meta\" href=\"https:\/\/www.stagjobstoday.world\/blog\/es\/category\/tipo-de-trabajo\/\" title=\"View all posts in Tipo de trabajo\" rel=\"tag\">Tipo de trabajo<\/a><\/li>\t\t\t<\/ul>\r\n\t\t\t\t\t<\/div>\r\n\r\n\t\t<h3 id=\"la-guia-definitiva-para-trabajar-en-amazon\" class=\"h1-md h2-lg post-title entry-title h1-xl\">\r\n\t\t\t<a href=\"https:\/\/www.stagjobstoday.world\/blog\/es\/la-guia-definitiva-para-trabajar-en-amazon\/\" rel=\"bookmark\">La gu\u00eda definitiva para trabajar en Amazon<\/a>\r\n\t\t<\/h3>\r\n\r\n\t\t\t\t\t<div class=\"post-excerpt post-excerpt-lg\">\r\n\t\t\t\tHoy, Amazon es el empleador que m\u00e1s crece en Estados Unidos\t\t\t<\/div>\r\n\t\t\r\n\t\t\t\t\t<div class=\"post-footer d-flex justify-content-between flex-wrap\">\r\n\t\t\t\t<div class=\"post-meta post-footer-left mr-3\">\r\n\t\t\t\t\t<span class=\"post-author\">By&#8287;<a href=\"https:\/\/www.stagjobstoday.world\/blog\/es\/author\/adrian\/\" title=\"Entradas de Adrian\" rel=\"author\">Adrian<\/a><\/span>\t\t\t\t<\/div>\r\n\r\n\t\t\t\t<div class=\"post-meta post-footer-right\">\r\n\t\t\t\t\t<a class=\"post-footer-read-more st-btn-icon-animation-on-hover\" href=\"https:\/\/www.stagjobstoday.world\/blog\/es\/la-guia-definitiva-para-trabajar-en-amazon\/\">Read more<\/a>\r\n\t\t\t\t<\/div>\r\n\t\t\t<\/div>\r\n\t\t\t<\/div>\r\n<\/article><\/div><div class=\"stream-list-item\"><article class=\"post-item post-portrait post-portrait-xl post-4299 post type-post status-publish format-standard has-post-thumbnail hentry category-tipo-de-trabajo\">\r\n\t<div class=\"post-image text-center\"><img decoding=\"async\" width=\"1280\" height=\"800\" src=\"https:\/\/www.stagjobstoday.world\/blog\/wp-content\/uploads\/2022\/03\/Teletrabajo-1-1280x800.webp\" class=\"attachment-nomady_lg_2_1 size-nomady_lg_2_1 wp-post-image\" alt=\"ventajas y desventajas del teletrabajo\" loading=\"lazy\" \/><a href=\"https:\/\/www.stagjobstoday.world\/blog\/es\/trabajar-desde-casa-5-trabajos-que-puedes-hacer-desde-tu-hogar\/\" class=\"link-overlay\"><\/a><\/div>\r\n\t<div class=\"post-text px-md-5\">\r\n\t\t<div class=\"post-meta\">\r\n\t\t\t\t\t\t<ul class=\"mnmd-post-categories\">\r\n\t\t\t<li><a class=\"post-category font-meta\" href=\"https:\/\/www.stagjobstoday.world\/blog\/es\/category\/tipo-de-trabajo\/\" title=\"View all posts in Tipo de trabajo\" rel=\"tag\">Tipo de trabajo<\/a><\/li>\t\t\t<\/ul>\r\n\t\t\t\t\t<\/div>\r\n\r\n\t\t<h3 id=\"trabajar-desde-casa-5-trabajos-que-puedes-hacer-desde-tu-hogar\" class=\"h1-md h2-lg post-title entry-title h1-xl\">\r\n\t\t\t<a href=\"https:\/\/www.stagjobstoday.world\/blog\/es\/trabajar-desde-casa-5-trabajos-que-puedes-hacer-desde-tu-hogar\/\" rel=\"bookmark\">Trabajar desde casa: 5 trabajos que puedes hacer desde tu hogar<\/a>\r\n\t\t<\/h3>\r\n\r\n\t\t\t\t\t<div class=\"post-excerpt post-excerpt-lg\">\r\n\t\t\t\tHoy, el modelo de trabajo online cada vez cobra mayor protagonismo.\t\t\t<\/div>\r\n\t\t\r\n\t\t\t\t\t<div class=\"post-footer d-flex justify-content-between flex-wrap\">\r\n\t\t\t\t<div class=\"post-meta post-footer-left mr-3\">\r\n\t\t\t\t\t<span class=\"post-author\">By&#8287;<a href=\"https:\/\/www.stagjobstoday.world\/blog\/es\/author\/adrian\/\" title=\"Entradas de Adrian\" rel=\"author\">Adrian<\/a><\/span>\t\t\t\t<\/div>\r\n\r\n\t\t\t\t<div class=\"post-meta post-footer-right\">\r\n\t\t\t\t\t<a class=\"post-footer-read-more st-btn-icon-animation-on-hover\" href=\"https:\/\/www.stagjobstoday.world\/blog\/es\/trabajar-desde-casa-5-trabajos-que-puedes-hacer-desde-tu-hogar\/\">Read more<\/a>\r\n\t\t\t\t<\/div>\r\n\t\t\t<\/div>\r\n\t\t\t<\/div>\r\n<\/article><\/div>            <\/div>\r\n\r\n            \r\n                            <div class=\"post-listing-pagination\">\r\n                                <\/div>\r\n                    <\/div>\r\n                    <\/div>\n            <\/div>\n        <\/section>\n    <\/div>\t\t<\/div>\n\t\t\t\t<\/div>\n\t\t\t\t\t<\/div>\n\t\t<\/div>\n\t\t\t\t\t\t\t<\/div>\n\t\t<\/section>\n\t\t\t\t\t\t\t<\/div>\n\t\t","protected":false},"excerpt":{"rendered":"<p>Tipo de trabajo \u00bfC\u00f3mo de f\u00e1cil es conseguir trabajo de canguro? La idea de que el trabajo de canguro es sencillo y est\u00e1 destinado \u00fanicamente a j\u00f3venes estudiantes que buscan ganar dinero est\u00e1 anticuada. By&#8287;Adrian Read more Tipo de trabajo La gu\u00eda definitiva para trabajar en Amazon Hoy, Amazon es el empleador que m\u00e1s crece [&hellip;]<\/p>\n","protected":false},"author":5,"featured_media":0,"parent":0,"menu_order":0,"comment_status":"closed","ping_status":"closed","template":"","meta":{"footnotes":""},"class_list":["post-12244","page","type-page","status-publish","hentry"],"acf":[],"yoast_head":"<!-- This site is optimized with the Yoast SEO plugin v19.4 - https:\/\/yoast.com\/wordpress\/plugins\/seo\/ -->\n<title>Tipo de trabajo - Jobstoday<\/title>\n<meta name=\"robots\" content=\"index, follow, max-snippet:-1, max-image-preview:large, max-video-preview:-1\" \/>\n<link rel=\"canonical\" href=\"https:\/\/www.stagjobstoday.world\/blog\/es\/tipo-de-trabajo\/\" \/>\n<meta property=\"og:locale\" content=\"es_ES\" \/>\n<meta property=\"og:type\" content=\"article\" \/>\n<meta property=\"og:title\" content=\"Tipo de trabajo - Jobstoday\" \/>\n<meta property=\"og:description\" content=\"Tipo de trabajo \u00bfC\u00f3mo de f\u00e1cil es conseguir trabajo de canguro? La idea de que el trabajo de canguro es sencillo y est\u00e1 destinado \u00fanicamente a j\u00f3venes estudiantes que buscan ganar dinero est\u00e1 anticuada. By&#8287;Adrian Read more Tipo de trabajo La gu\u00eda definitiva para trabajar en Amazon Hoy, Amazon es el empleador que m\u00e1s crece [&hellip;]\" \/>\n<meta property=\"og:url\" content=\"https:\/\/www.stagjobstoday.world\/blog\/es\/tipo-de-trabajo\/\" \/>\n<meta property=\"og:site_name\" content=\"Jobstoday\" \/>\n<meta property=\"article:modified_time\" content=\"2022-08-24T10:25:58+00:00\" \/>\n<meta property=\"og:image\" content=\"https:\/\/www.jobstoday.world\/blog\/wp-content\/uploads\/2022\/08\/trabajo-de-canguro-1280x800.webp\" \/>\n<meta name=\"twitter:card\" content=\"summary_large_image\" \/>\n<meta name=\"twitter:label1\" content=\"Tiempo de lectura\" \/>\n\t<meta name=\"twitter:data1\" content=\"2 minutos\" \/>\n<script type=\"application\/ld+json\" class=\"yoast-schema-graph\">{\"@context\":\"https:\/\/schema.org\",\"@graph\":[{\"@type\":\"WebSite\",\"@id\":\"https:\/\/www.stagjobstoday.world\/blog\/#website\",\"url\":\"https:\/\/www.stagjobstoday.world\/blog\/\",\"name\":\"Jobstoday\",\"description\":\"\",\"potentialAction\":[{\"@type\":\"SearchAction\",\"target\":{\"@type\":\"EntryPoint\",\"urlTemplate\":\"https:\/\/www.stagjobstoday.world\/blog\/?s={search_term_string}\"},\"query-input\":\"required name=search_term_string\"}],\"inLanguage\":\"es\"},{\"@type\":\"WebPage\",\"@id\":\"https:\/\/www.stagjobstoday.world\/blog\/es\/tipo-de-trabajo\/\",\"url\":\"https:\/\/www.stagjobstoday.world\/blog\/es\/tipo-de-trabajo\/\",\"name\":\"Tipo de trabajo - Jobstoday\",\"isPartOf\":{\"@id\":\"https:\/\/www.stagjobstoday.world\/blog\/#website\"},\"datePublished\":\"2022-08-24T10:25:29+00:00\",\"dateModified\":\"2022-08-24T10:25:58+00:00\",\"breadcrumb\":{\"@id\":\"https:\/\/www.stagjobstoday.world\/blog\/es\/tipo-de-trabajo\/#breadcrumb\"},\"inLanguage\":\"es\",\"potentialAction\":[{\"@type\":\"ReadAction\",\"target\":[\"https:\/\/www.stagjobstoday.world\/blog\/es\/tipo-de-trabajo\/\"]}]},{\"@type\":\"BreadcrumbList\",\"@id\":\"https:\/\/www.stagjobstoday.world\/blog\/es\/tipo-de-trabajo\/#breadcrumb\",\"itemListElement\":[{\"@type\":\"ListItem\",\"position\":1,\"name\":\"Tipo de trabajo\"}]}]}<\/script>\n<!-- \/ Yoast SEO plugin. -->","yoast_head_json":{"title":"Tipo de trabajo - Jobstoday","robots":{"index":"index","follow":"follow","max-snippet":"max-snippet:-1","max-image-preview":"max-image-preview:large","max-video-preview":"max-video-preview:-1"},"canonical":"https:\/\/www.stagjobstoday.world\/blog\/es\/tipo-de-trabajo\/","og_locale":"es_ES","og_type":"article","og_title":"Tipo de trabajo - Jobstoday","og_description":"Tipo de trabajo \u00bfC\u00f3mo de f\u00e1cil es conseguir trabajo de canguro? La idea de que el trabajo de canguro es sencillo y est\u00e1 destinado \u00fanicamente a j\u00f3venes estudiantes que buscan ganar dinero est\u00e1 anticuada. By&#8287;Adrian Read more Tipo de trabajo La gu\u00eda definitiva para trabajar en Amazon Hoy, Amazon es el empleador que m\u00e1s crece [&hellip;]","og_url":"https:\/\/www.stagjobstoday.world\/blog\/es\/tipo-de-trabajo\/","og_site_name":"Jobstoday","article_modified_time":"2022-08-24T10:25:58+00:00","og_image":[{"url":"https:\/\/www.jobstoday.world\/blog\/wp-content\/uploads\/2022\/08\/trabajo-de-canguro-1280x800.webp"}],"twitter_card":"summary_large_image","twitter_misc":{"Tiempo de lectura":"2 minutos"},"schema":{"@context":"https:\/\/schema.org","@graph":[{"@type":"WebSite","@id":"https:\/\/www.stagjobstoday.world\/blog\/#website","url":"https:\/\/www.stagjobstoday.world\/blog\/","name":"Jobstoday","description":"","potentialAction":[{"@type":"SearchAction","target":{"@type":"EntryPoint","urlTemplate":"https:\/\/www.stagjobstoday.world\/blog\/?s={search_term_string}"},"query-input":"required name=search_term_string"}],"inLanguage":"es"},{"@type":"WebPage","@id":"https:\/\/www.stagjobstoday.world\/blog\/es\/tipo-de-trabajo\/","url":"https:\/\/www.stagjobstoday.world\/blog\/es\/tipo-de-trabajo\/","name":"Tipo de trabajo - Jobstoday","isPartOf":{"@id":"https:\/\/www.stagjobstoday.world\/blog\/#website"},"datePublished":"2022-08-24T10:25:29+00:00","dateModified":"2022-08-24T10:25:58+00:00","breadcrumb":{"@id":"https:\/\/www.stagjobstoday.world\/blog\/es\/tipo-de-trabajo\/#breadcrumb"},"inLanguage":"es","potentialAction":[{"@type":"ReadAction","target":["https:\/\/www.stagjobstoday.world\/blog\/es\/tipo-de-trabajo\/"]}]},{"@type":"BreadcrumbList","@id":"https:\/\/www.stagjobstoday.world\/blog\/es\/tipo-de-trabajo\/#breadcrumb","itemListElement":[{"@type":"ListItem","position":1,"name":"Tipo de trabajo"}]}]}},"_links":{"self":[{"href":"https:\/\/www.stagjobstoday.world\/blog\/es\/wp-json\/wp\/v2\/pages\/12244","targetHints":{"allow":["GET"]}}],"collection":[{"href":"https:\/\/www.stagjobstoday.world\/blog\/es\/wp-json\/wp\/v2\/pages"}],"about":[{"href":"https:\/\/www.stagjobstoday.world\/blog\/es\/wp-json\/wp\/v2\/types\/page"}],"author":[{"embeddable":true,"href":"https:\/\/www.stagjobstoday.world\/blog\/es\/wp-json\/wp\/v2\/users\/5"}],"replies":[{"embeddable":true,"href":"https:\/\/www.stagjobstoday.world\/blog\/es\/wp-json\/wp\/v2\/comments?post=12244"}],"version-history":[{"count":7,"href":"https:\/\/www.stagjobstoday.world\/blog\/es\/wp-json\/wp\/v2\/pages\/12244\/revisions"}],"predecessor-version":[{"id":12251,"href":"https:\/\/www.stagjobstoday.world\/blog\/es\/wp-json\/wp\/v2\/pages\/12244\/revisions\/12251"}],"wp:attachment":[{"href":"https:\/\/www.stagjobstoday.world\/blog\/es\/wp-json\/wp\/v2\/media?parent=12244"}],"curies":[{"name":"wp","href":"https:\/\/api.w.org\/{rel}","templated":true}]}}