{"id":12234,"date":"2022-08-24T10:17:20","date_gmt":"2022-08-24T10:17:20","guid":{"rendered":"https:\/\/www.jobstoday.world\/blog\/?page_id=12234"},"modified":"2022-08-24T10:17:45","modified_gmt":"2022-08-24T10:17:45","slug":"noticias","status":"publish","type":"page","link":"https:\/\/www.stagjobstoday.world\/blog\/es\/noticias\/","title":{"rendered":"Noticias"},"content":{"rendered":"\t\t<div data-elementor-type=\"wp-page\" data-elementor-id=\"12234\" class=\"elementor elementor-12234\">\n\t\t\t\t\t\t\t\t\t<section class=\"elementor-section elementor-top-section elementor-element elementor-element-1d546e8 elementor-section-full_width elementor-section-height-default elementor-section-height-default\" data-id=\"1d546e8\" data-element_type=\"section\">\n\t\t\t\t\t\t<div class=\"elementor-container elementor-column-gap-default\">\n\t\t\t\t\t<div class=\"elementor-column elementor-col-100 elementor-top-column elementor-element elementor-element-9cfce75\" data-id=\"9cfce75\" data-element_type=\"column\">\n\t\t\t<div class=\"elementor-widget-wrap elementor-element-populated\">\n\t\t\t\t\t\t\t\t<div class=\"elementor-element elementor-element-de5efd3 elementor-widget elementor-widget-nomady-posts-list\" data-id=\"de5efd3\" data-element_type=\"widget\" data-widget_type=\"nomady-posts-list.default\">\n\t\t\t\t<div class=\"elementor-widget-container\">\n\t\t\t<div id=\"mnmd-post-listing-de5efd3\" class=\"mnmd-post-listing mnmd-post-listing-list-portrait-no-sidebar\">        <section class=\"mnmd-section mnmd-section-main-section post-listing-section post-listing-section-list-portrait-no-sidebar\">\n            <div class=\"container\">\n                <div class=\"mnmd-section-inner\">\n                    \n                            <div class=\"post-listing-wrapper\" data-layout=\"list-portrait-no-sidebar\" data-query=\"orderby=date&amp;order=desc&amp;ignore_sticky_posts=1&amp;post_status=publish&amp;posts_per_page=4&amp;offset=0&amp;post_type=post&amp;tax_query%5B0%5D%5Btaxonomy%5D=category&amp;tax_query%5B0%5D%5Bfield%5D=term_id&amp;tax_query%5B0%5D%5Bterms%5D%5B0%5D=218\" data-current-page=\"1\" data-max-pages=\"4\" data-posts-per-page=\"4\" data-offset=\"0\" data-ignore-sticky-posts=\"yes\" data-columns=\"\" data-post-template=\"portrait-xl\" data-thumb-reverse=\"\" data-thumb-original-ratio=\"no\" data-post-format-icon=\"no\" data-post-meta-author=\"\" data-post-meta-date=\"no\">\r\n            <div class=\"post-listing-content stream-list-lg\">\r\n                <div class=\"stream-list-item\"><article class=\"post-item post-portrait post-portrait-xl post-12642 post type-post status-publish format-standard has-post-thumbnail hentry category-noticias\">\r\n\t<div class=\"post-image text-center\"><img decoding=\"async\" width=\"640\" height=\"427\" src=\"https:\/\/www.stagjobstoday.world\/blog\/wp-content\/uploads\/2022\/10\/becario.jpg\" class=\"attachment-nomady_lg_2_1 size-nomady_lg_2_1 wp-post-image\" alt=\"los cambios en el estatuto del becario\" loading=\"lazy\" srcset=\"https:\/\/www.stagjobstoday.world\/blog\/wp-content\/uploads\/2022\/10\/becario.jpg 640w, https:\/\/www.stagjobstoday.world\/blog\/wp-content\/uploads\/2022\/10\/becario-300x200.jpg 300w, https:\/\/www.stagjobstoday.world\/blog\/wp-content\/uploads\/2022\/10\/becario-600x400.jpg 600w\" sizes=\"auto, (max-width: 640px) 100vw, 640px\" \/><a href=\"https:\/\/www.stagjobstoday.world\/blog\/es\/el-estatuto-del-becario-seran-menos-del-20-de-la-plantilla-y-tendran-vacaciones%ef%bf%bc\/\" class=\"link-overlay\"><\/a><\/div>\r\n\t<div class=\"post-text px-md-5\">\r\n\t\t<div class=\"post-meta\">\r\n\t\t\t\t\t\t<ul class=\"mnmd-post-categories\">\r\n\t\t\t<li><a class=\"post-category font-meta\" href=\"https:\/\/www.stagjobstoday.world\/blog\/es\/category\/noticias\/\" title=\"View all posts in Noticias\" rel=\"tag\">Noticias<\/a><\/li>\t\t\t<\/ul>\r\n\t\t\t\t\t<\/div>\r\n\r\n\t\t<h3 id=\"el-estatuto-del-becario-seran-menos-del-20-de-la-plantilla-y-tendran-vacaciones\" class=\"h1-md h2-lg post-title entry-title h1-xl\">\r\n\t\t\t<a href=\"https:\/\/www.stagjobstoday.world\/blog\/es\/el-estatuto-del-becario-seran-menos-del-20-de-la-plantilla-y-tendran-vacaciones%ef%bf%bc\/\" rel=\"bookmark\">El Estatuto del Becario: Ser\u00e1n menos del 20% de la plantilla y tendr\u00e1n vacaciones\ufffc<\/a>\r\n\t\t<\/h3>\r\n\r\n\t\t\t\t\t<div class=\"post-excerpt post-excerpt-lg\">\r\n\t\t\t\tEl borrador del llamado Estatuto del Becario busca mejorar las condiciones del becario o estudiante en pr\u00e1cticas.\t\t\t<\/div>\r\n\t\t\r\n\t\t\t\t\t<div class=\"post-footer d-flex justify-content-between flex-wrap\">\r\n\t\t\t\t<div class=\"post-meta post-footer-left mr-3\">\r\n\t\t\t\t\t<span class=\"post-author\">By&#8287;<a href=\"https:\/\/www.stagjobstoday.world\/blog\/es\/author\/adrian\/\" title=\"Entradas de Adrian\" rel=\"author\">Adrian<\/a><\/span>\t\t\t\t<\/div>\r\n\r\n\t\t\t\t<div class=\"post-meta post-footer-right\">\r\n\t\t\t\t\t<a class=\"post-footer-read-more st-btn-icon-animation-on-hover\" href=\"https:\/\/www.stagjobstoday.world\/blog\/es\/el-estatuto-del-becario-seran-menos-del-20-de-la-plantilla-y-tendran-vacaciones%ef%bf%bc\/\">Read more<\/a>\r\n\t\t\t\t<\/div>\r\n\t\t\t<\/div>\r\n\t\t\t<\/div>\r\n<\/article><\/div><div class=\"stream-list-item\"><article class=\"post-item post-portrait post-portrait-xl post-12586 post type-post status-publish format-standard has-post-thumbnail hentry category-noticias\">\r\n\t<div class=\"post-image text-center\"><img decoding=\"async\" width=\"640\" height=\"480\" src=\"https:\/\/www.stagjobstoday.world\/blog\/wp-content\/uploads\/2022\/10\/lista-forbes-2022.jpg\" class=\"attachment-nomady_lg_2_1 size-nomady_lg_2_1 wp-post-image\" alt=\"Lista Forbes 2022\" loading=\"lazy\" srcset=\"https:\/\/www.stagjobstoday.world\/blog\/wp-content\/uploads\/2022\/10\/lista-forbes-2022.jpg 640w, https:\/\/www.stagjobstoday.world\/blog\/wp-content\/uploads\/2022\/10\/lista-forbes-2022-300x225.jpg 300w, https:\/\/www.stagjobstoday.world\/blog\/wp-content\/uploads\/2022\/10\/lista-forbes-2022-600x450.jpg 600w\" sizes=\"auto, (max-width: 640px) 100vw, 640px\" \/><a href=\"https:\/\/www.stagjobstoday.world\/blog\/es\/lista-forbes-2022-personas-mas-ricas-eeuu\/\" class=\"link-overlay\"><\/a><\/div>\r\n\t<div class=\"post-text px-md-5\">\r\n\t\t<div class=\"post-meta\">\r\n\t\t\t\t\t\t<ul class=\"mnmd-post-categories\">\r\n\t\t\t<li><a class=\"post-category font-meta\" href=\"https:\/\/www.stagjobstoday.world\/blog\/es\/category\/noticias\/\" title=\"View all posts in Noticias\" rel=\"tag\">Noticias<\/a><\/li>\t\t\t<\/ul>\r\n\t\t\t\t\t<\/div>\r\n\r\n\t\t<h3 id=\"lista-forbes-2022-las-personas-mas-ricas-de-eeuu\" class=\"h1-md h2-lg post-title entry-title h1-xl\">\r\n\t\t\t<a href=\"https:\/\/www.stagjobstoday.world\/blog\/es\/lista-forbes-2022-personas-mas-ricas-eeuu\/\" rel=\"bookmark\">Lista Forbes 2022: Las personas m\u00e1s ricas de EEUU<\/a>\r\n\t\t<\/h3>\r\n\r\n\t\t\t\t\t<div class=\"post-excerpt post-excerpt-lg\">\r\n\t\t\t\tLa lista Forbes 2022 ya est\u00e1 aqu\u00ed. Es el momento de descubrir qui\u00e9nes han triunfado en sus negocios y alcanzado el sue\u00f1o de contar su fortuna en millones en Estados Unidos.\t\t\t<\/div>\r\n\t\t\r\n\t\t\t\t\t<div class=\"post-footer d-flex justify-content-between flex-wrap\">\r\n\t\t\t\t<div class=\"post-meta post-footer-left mr-3\">\r\n\t\t\t\t\t<span class=\"post-author\">By&#8287;<a href=\"https:\/\/www.stagjobstoday.world\/blog\/es\/author\/adrian\/\" title=\"Entradas de Adrian\" rel=\"author\">Adrian<\/a><\/span>\t\t\t\t<\/div>\r\n\r\n\t\t\t\t<div class=\"post-meta post-footer-right\">\r\n\t\t\t\t\t<a class=\"post-footer-read-more st-btn-icon-animation-on-hover\" href=\"https:\/\/www.stagjobstoday.world\/blog\/es\/lista-forbes-2022-personas-mas-ricas-eeuu\/\">Read more<\/a>\r\n\t\t\t\t<\/div>\r\n\t\t\t<\/div>\r\n\t\t\t<\/div>\r\n<\/article><\/div><div class=\"stream-list-item\"><article class=\"post-item post-portrait post-portrait-xl post-12555 post type-post status-publish format-standard has-post-thumbnail hentry category-noticias\">\r\n\t<div class=\"post-image text-center\"><img decoding=\"async\" width=\"640\" height=\"334\" src=\"https:\/\/www.stagjobstoday.world\/blog\/wp-content\/uploads\/2022\/09\/4-dias.jpg\" class=\"attachment-nomady_lg_2_1 size-nomady_lg_2_1 wp-post-image\" alt=\"4 dias\" loading=\"lazy\" srcset=\"https:\/\/www.stagjobstoday.world\/blog\/wp-content\/uploads\/2022\/09\/4-dias.jpg 640w, https:\/\/www.stagjobstoday.world\/blog\/wp-content\/uploads\/2022\/09\/4-dias-300x157.jpg 300w, https:\/\/www.stagjobstoday.world\/blog\/wp-content\/uploads\/2022\/09\/4-dias-600x313.jpg 600w\" sizes=\"auto, (max-width: 640px) 100vw, 640px\" \/><a href=\"https:\/\/www.stagjobstoday.world\/blog\/es\/el-mayor-experimento-sobre-la-semana-de-4-dias-da-sus-primeros-resultados\/\" class=\"link-overlay\"><\/a><\/div>\r\n\t<div class=\"post-text px-md-5\">\r\n\t\t<div class=\"post-meta\">\r\n\t\t\t\t\t\t<ul class=\"mnmd-post-categories\">\r\n\t\t\t<li><a class=\"post-category font-meta\" href=\"https:\/\/www.stagjobstoday.world\/blog\/es\/category\/noticias\/\" title=\"View all posts in Noticias\" rel=\"tag\">Noticias<\/a><\/li>\t\t\t<\/ul>\r\n\t\t\t\t\t<\/div>\r\n\r\n\t\t<h3 id=\"el-mayor-experimento-sobre-la-semana-de-4-dias-da-sus-primeros-resultados\" class=\"h1-md h2-lg post-title entry-title h1-xl\">\r\n\t\t\t<a href=\"https:\/\/www.stagjobstoday.world\/blog\/es\/el-mayor-experimento-sobre-la-semana-de-4-dias-da-sus-primeros-resultados\/\" rel=\"bookmark\">El mayor experimento sobre la semana de 4 d\u00edas da sus primeros resultados<\/a>\r\n\t\t<\/h3>\r\n\r\n\t\t\t\t\t<div class=\"post-excerpt post-excerpt-lg\">\r\n\t\t\t\tEn junio, el Reino Unido inici\u00f3 el primer experimento a gran escala sobre la semana laboral de 4 d\u00edas. Ya tenemos los primeros resultados y parecen confirmar que estamos a las puertas del cambio.\t\t\t<\/div>\r\n\t\t\r\n\t\t\t\t\t<div class=\"post-footer d-flex justify-content-between flex-wrap\">\r\n\t\t\t\t<div class=\"post-meta post-footer-left mr-3\">\r\n\t\t\t\t\t<span class=\"post-author\">By&#8287;<a href=\"https:\/\/www.stagjobstoday.world\/blog\/es\/author\/adrian\/\" title=\"Entradas de Adrian\" rel=\"author\">Adrian<\/a><\/span>\t\t\t\t<\/div>\r\n\r\n\t\t\t\t<div class=\"post-meta post-footer-right\">\r\n\t\t\t\t\t<a class=\"post-footer-read-more st-btn-icon-animation-on-hover\" href=\"https:\/\/www.stagjobstoday.world\/blog\/es\/el-mayor-experimento-sobre-la-semana-de-4-dias-da-sus-primeros-resultados\/\">Read more<\/a>\r\n\t\t\t\t<\/div>\r\n\t\t\t<\/div>\r\n\t\t\t<\/div>\r\n<\/article><\/div><div class=\"stream-list-item\"><article class=\"post-item post-portrait post-portrait-xl post-12509 post type-post status-publish format-standard has-post-thumbnail hentry category-noticias\">\r\n\t<div class=\"post-image text-center\"><img decoding=\"async\" width=\"640\" height=\"427\" src=\"https:\/\/www.stagjobstoday.world\/blog\/wp-content\/uploads\/2022\/09\/buscar-camareros.jpg\" class=\"attachment-nomady_lg_2_1 size-nomady_lg_2_1 wp-post-image\" alt=\"Buscar camareros se est\u00e1 convirtiendo en un problema\" loading=\"lazy\" srcset=\"https:\/\/www.stagjobstoday.world\/blog\/wp-content\/uploads\/2022\/09\/buscar-camareros.jpg 640w, https:\/\/www.stagjobstoday.world\/blog\/wp-content\/uploads\/2022\/09\/buscar-camareros-300x200.jpg 300w, https:\/\/www.stagjobstoday.world\/blog\/wp-content\/uploads\/2022\/09\/buscar-camareros-600x400.jpg 600w\" sizes=\"auto, (max-width: 640px) 100vw, 640px\" \/><a href=\"https:\/\/www.stagjobstoday.world\/blog\/es\/falta-personal-hosteleria-buscar-camareros-imposible\/\" class=\"link-overlay\"><\/a><\/div>\r\n\t<div class=\"post-text px-md-5\">\r\n\t\t<div class=\"post-meta\">\r\n\t\t\t\t\t\t<ul class=\"mnmd-post-categories\">\r\n\t\t\t<li><a class=\"post-category font-meta\" href=\"https:\/\/www.stagjobstoday.world\/blog\/es\/category\/noticias\/\" title=\"View all posts in Noticias\" rel=\"tag\">Noticias<\/a><\/li>\t\t\t<\/ul>\r\n\t\t\t\t\t<\/div>\r\n\r\n\t\t<h3 id=\"falta-personal-en-hosteleria-buscar-camareros-es-imposible\" class=\"h1-md h2-lg post-title entry-title h1-xl\">\r\n\t\t\t<a href=\"https:\/\/www.stagjobstoday.world\/blog\/es\/falta-personal-hosteleria-buscar-camareros-imposible\/\" rel=\"bookmark\">Falta personal en hosteler\u00eda: Buscar camareros es imposible<\/a>\r\n\t\t<\/h3>\r\n\r\n\t\t\t\t\t<div class=\"post-excerpt post-excerpt-lg\">\r\n\t\t\t\tTras varios a\u00f1os encerrados, los clientes estar\u00edan deseando salir a divertirse y gastar. Pero no nos esper\u00e1bamos que el problema ser\u00eda buscar camareros.\t\t\t<\/div>\r\n\t\t\r\n\t\t\t\t\t<div class=\"post-footer d-flex justify-content-between flex-wrap\">\r\n\t\t\t\t<div class=\"post-meta post-footer-left mr-3\">\r\n\t\t\t\t\t<span class=\"post-author\">By&#8287;<a href=\"https:\/\/www.stagjobstoday.world\/blog\/es\/author\/adrian\/\" title=\"Entradas de Adrian\" rel=\"author\">Adrian<\/a><\/span>\t\t\t\t<\/div>\r\n\r\n\t\t\t\t<div class=\"post-meta post-footer-right\">\r\n\t\t\t\t\t<a class=\"post-footer-read-more st-btn-icon-animation-on-hover\" href=\"https:\/\/www.stagjobstoday.world\/blog\/es\/falta-personal-hosteleria-buscar-camareros-imposible\/\">Read more<\/a>\r\n\t\t\t\t<\/div>\r\n\t\t\t<\/div>\r\n\t\t\t<\/div>\r\n<\/article><\/div>            <\/div>\r\n\r\n            \r\n                            <div class=\"post-listing-pagination\">\r\n                \t\t\t\t\t<nav class=\"navigation pagination mnmd-pagination mnmd-pagination-default\">\r\n\t\t\t\t\t\t<h2 id=\"posts-navigation\" class=\"screen-reader-text\">Posts navigation<\/h2>\r\n\t\t\t\t\t\t<div class=\"nav-links d-flex align-items-center justify-content-center is-on-first-page\">\r\n\t\t\t\t\t\t\t<span aria-current=\"page\" class=\"page-numbers current\">1<\/span>\n<a class=\"page-numbers\" href=\"https:\/\/www.stagjobstoday.world\/blog\/es\/wp-json\/wp\/v2\/pages\/12234\/page\/2\/\">2<\/a>\n<span class=\"page-numbers dots\">&hellip;<\/span>\n<a class=\"page-numbers\" href=\"https:\/\/www.stagjobstoday.world\/blog\/es\/wp-json\/wp\/v2\/pages\/12234\/page\/4\/\">4<\/a>\n<a class=\"next page-numbers\" href=\"https:\/\/www.stagjobstoday.world\/blog\/es\/wp-json\/wp\/v2\/pages\/12234\/page\/2\/\"><span class=\"sr-only\">Next page<\/span><span class=\"mnmd-pagination-circle\"><svg width=\"48px\" height=\"48px\" viewBox=\"0 0 100 100\"><circle class=\"anicircle\" cx=\"50\" cy=\"50\" r=\"48\"\/><\/svg><\/span><span class=\"mnmd-icon mnmd-icon-md\" aria-hidden=\"true\" ><svg xmlns=\"http:\/\/www.w3.org\/2000\/svg\" width=\"24\" height=\"24\" viewBox=\"0 0 24 24\"><title>arrow-right<\/title><path d=\"M23.225 12.175l-7.2-7.2c-.234-.234-.614-.234-.848 0s-.234.614 0 .848l6.175 6.175H1.8c-.331 0-.6.269-.6.6s.269.6.6.6h19.552l-6.175 6.175c-.234.234-.234.614 0 .848.118.118.271.175.425.175s.307-.059.425-.175l7.2-7.2c.234-.234.234-.614 0-.848z\"\/><\/svg><\/span><\/a>\t\t\t\t\t\t<\/div>\r\n\t\t\t\t\t<\/nav>\r\n\t\t\t\t\t                <\/div>\r\n                    <\/div>\r\n                    <\/div>\n            <\/div>\n        <\/section>\n    <\/div>\t\t<\/div>\n\t\t\t\t<\/div>\n\t\t\t\t\t<\/div>\n\t\t<\/div>\n\t\t\t\t\t\t\t<\/div>\n\t\t<\/section>\n\t\t\t\t\t\t\t<\/div>\n\t\t","protected":false},"excerpt":{"rendered":"<p>Noticias As\u00ed cambiar\u00e1 la ley de extranjer\u00eda en Espa\u00f1a: 3 opiniones a favor y 3 en contra Llegan noticias para la movilidad internacional en el mercado laboral espa\u00f1ol. El Gobierno ha aprobado una reforma de la ley de extranjeria en Espa\u00f1a que permitir\u00e1 m\u00e1s facilidades para los migrantes que viven en el pa\u00eds. By&#8287;Adrian Read [&hellip;]<\/p>\n","protected":false},"author":5,"featured_media":0,"parent":0,"menu_order":0,"comment_status":"closed","ping_status":"closed","template":"","meta":{"footnotes":""},"class_list":["post-12234","page","type-page","status-publish","hentry"],"acf":[],"yoast_head":"<!-- This site is optimized with the Yoast SEO plugin v19.4 - https:\/\/yoast.com\/wordpress\/plugins\/seo\/ -->\n<title>Noticias - Jobstoday<\/title>\n<meta name=\"robots\" content=\"index, follow, max-snippet:-1, max-image-preview:large, max-video-preview:-1\" \/>\n<link rel=\"canonical\" href=\"https:\/\/www.stagjobstoday.world\/blog\/es\/noticias\/\" \/>\n<meta property=\"og:locale\" content=\"es_ES\" \/>\n<meta property=\"og:type\" content=\"article\" \/>\n<meta property=\"og:title\" content=\"Noticias - Jobstoday\" \/>\n<meta property=\"og:description\" content=\"Noticias As\u00ed cambiar\u00e1 la ley de extranjer\u00eda en Espa\u00f1a: 3 opiniones a favor y 3 en contra Llegan noticias para la movilidad internacional en el mercado laboral espa\u00f1ol. El Gobierno ha aprobado una reforma de la ley de extranjeria en Espa\u00f1a que permitir\u00e1 m\u00e1s facilidades para los migrantes que viven en el pa\u00eds. By&#8287;Adrian Read [&hellip;]\" \/>\n<meta property=\"og:url\" content=\"https:\/\/www.stagjobstoday.world\/blog\/es\/noticias\/\" \/>\n<meta property=\"og:site_name\" content=\"Jobstoday\" \/>\n<meta property=\"article:modified_time\" content=\"2022-08-24T10:17:45+00:00\" \/>\n<meta property=\"og:image\" content=\"https:\/\/www.jobstoday.world\/blog\/wp-content\/uploads\/2022\/08\/Zrzut-ekranu-2022-08-23-o-12.19.38-1.png\" \/>\n<meta name=\"twitter:card\" content=\"summary_large_image\" \/>\n<meta name=\"twitter:label1\" content=\"Tiempo de lectura\" \/>\n\t<meta name=\"twitter:data1\" content=\"2 minutos\" \/>\n<script type=\"application\/ld+json\" class=\"yoast-schema-graph\">{\"@context\":\"https:\/\/schema.org\",\"@graph\":[{\"@type\":\"WebSite\",\"@id\":\"https:\/\/www.stagjobstoday.world\/blog\/#website\",\"url\":\"https:\/\/www.stagjobstoday.world\/blog\/\",\"name\":\"Jobstoday\",\"description\":\"\",\"potentialAction\":[{\"@type\":\"SearchAction\",\"target\":{\"@type\":\"EntryPoint\",\"urlTemplate\":\"https:\/\/www.stagjobstoday.world\/blog\/?s={search_term_string}\"},\"query-input\":\"required name=search_term_string\"}],\"inLanguage\":\"es\"},{\"@type\":\"WebPage\",\"@id\":\"https:\/\/www.stagjobstoday.world\/blog\/es\/noticias\/\",\"url\":\"https:\/\/www.stagjobstoday.world\/blog\/es\/noticias\/\",\"name\":\"Noticias - Jobstoday\",\"isPartOf\":{\"@id\":\"https:\/\/www.stagjobstoday.world\/blog\/#website\"},\"datePublished\":\"2022-08-24T10:17:20+00:00\",\"dateModified\":\"2022-08-24T10:17:45+00:00\",\"breadcrumb\":{\"@id\":\"https:\/\/www.stagjobstoday.world\/blog\/es\/noticias\/#breadcrumb\"},\"inLanguage\":\"es\",\"potentialAction\":[{\"@type\":\"ReadAction\",\"target\":[\"https:\/\/www.stagjobstoday.world\/blog\/es\/noticias\/\"]}]},{\"@type\":\"BreadcrumbList\",\"@id\":\"https:\/\/www.stagjobstoday.world\/blog\/es\/noticias\/#breadcrumb\",\"itemListElement\":[{\"@type\":\"ListItem\",\"position\":1,\"name\":\"Noticias\"}]}]}<\/script>\n<!-- \/ Yoast SEO plugin. -->","yoast_head_json":{"title":"Noticias - Jobstoday","robots":{"index":"index","follow":"follow","max-snippet":"max-snippet:-1","max-image-preview":"max-image-preview:large","max-video-preview":"max-video-preview:-1"},"canonical":"https:\/\/www.stagjobstoday.world\/blog\/es\/noticias\/","og_locale":"es_ES","og_type":"article","og_title":"Noticias - Jobstoday","og_description":"Noticias As\u00ed cambiar\u00e1 la ley de extranjer\u00eda en Espa\u00f1a: 3 opiniones a favor y 3 en contra Llegan noticias para la movilidad internacional en el mercado laboral espa\u00f1ol. El Gobierno ha aprobado una reforma de la ley de extranjeria en Espa\u00f1a que permitir\u00e1 m\u00e1s facilidades para los migrantes que viven en el pa\u00eds. By&#8287;Adrian Read [&hellip;]","og_url":"https:\/\/www.stagjobstoday.world\/blog\/es\/noticias\/","og_site_name":"Jobstoday","article_modified_time":"2022-08-24T10:17:45+00:00","og_image":[{"url":"https:\/\/www.jobstoday.world\/blog\/wp-content\/uploads\/2022\/08\/Zrzut-ekranu-2022-08-23-o-12.19.38-1.png"}],"twitter_card":"summary_large_image","twitter_misc":{"Tiempo de lectura":"2 minutos"},"schema":{"@context":"https:\/\/schema.org","@graph":[{"@type":"WebSite","@id":"https:\/\/www.stagjobstoday.world\/blog\/#website","url":"https:\/\/www.stagjobstoday.world\/blog\/","name":"Jobstoday","description":"","potentialAction":[{"@type":"SearchAction","target":{"@type":"EntryPoint","urlTemplate":"https:\/\/www.stagjobstoday.world\/blog\/?s={search_term_string}"},"query-input":"required name=search_term_string"}],"inLanguage":"es"},{"@type":"WebPage","@id":"https:\/\/www.stagjobstoday.world\/blog\/es\/noticias\/","url":"https:\/\/www.stagjobstoday.world\/blog\/es\/noticias\/","name":"Noticias - Jobstoday","isPartOf":{"@id":"https:\/\/www.stagjobstoday.world\/blog\/#website"},"datePublished":"2022-08-24T10:17:20+00:00","dateModified":"2022-08-24T10:17:45+00:00","breadcrumb":{"@id":"https:\/\/www.stagjobstoday.world\/blog\/es\/noticias\/#breadcrumb"},"inLanguage":"es","potentialAction":[{"@type":"ReadAction","target":["https:\/\/www.stagjobstoday.world\/blog\/es\/noticias\/"]}]},{"@type":"BreadcrumbList","@id":"https:\/\/www.stagjobstoday.world\/blog\/es\/noticias\/#breadcrumb","itemListElement":[{"@type":"ListItem","position":1,"name":"Noticias"}]}]}},"_links":{"self":[{"href":"https:\/\/www.stagjobstoday.world\/blog\/es\/wp-json\/wp\/v2\/pages\/12234","targetHints":{"allow":["GET"]}}],"collection":[{"href":"https:\/\/www.stagjobstoday.world\/blog\/es\/wp-json\/wp\/v2\/pages"}],"about":[{"href":"https:\/\/www.stagjobstoday.world\/blog\/es\/wp-json\/wp\/v2\/types\/page"}],"author":[{"embeddable":true,"href":"https:\/\/www.stagjobstoday.world\/blog\/es\/wp-json\/wp\/v2\/users\/5"}],"replies":[{"embeddable":true,"href":"https:\/\/www.stagjobstoday.world\/blog\/es\/wp-json\/wp\/v2\/comments?post=12234"}],"version-history":[{"count":4,"href":"https:\/\/www.stagjobstoday.world\/blog\/es\/wp-json\/wp\/v2\/pages\/12234\/revisions"}],"predecessor-version":[{"id":12238,"href":"https:\/\/www.stagjobstoday.world\/blog\/es\/wp-json\/wp\/v2\/pages\/12234\/revisions\/12238"}],"wp:attachment":[{"href":"https:\/\/www.stagjobstoday.world\/blog\/es\/wp-json\/wp\/v2\/media?parent=12234"}],"curies":[{"name":"wp","href":"https:\/\/api.w.org\/{rel}","templated":true}]}}