{"id":12217,"date":"2022-08-24T09:58:41","date_gmt":"2022-08-24T09:58:41","guid":{"rendered":"https:\/\/www.jobstoday.world\/blog\/?page_id=12217"},"modified":"2022-08-24T10:07:44","modified_gmt":"2022-08-24T10:07:44","slug":"consejos","status":"publish","type":"page","link":"https:\/\/www.stagjobstoday.world\/blog\/es\/consejos\/","title":{"rendered":"Consejos"},"content":{"rendered":"\t\t<div data-elementor-type=\"wp-page\" data-elementor-id=\"12217\" class=\"elementor elementor-12217\">\n\t\t\t\t\t\t\t\t\t<section class=\"elementor-section elementor-top-section elementor-element elementor-element-1d546e8 elementor-section-full_width elementor-section-height-default elementor-section-height-default\" data-id=\"1d546e8\" data-element_type=\"section\">\n\t\t\t\t\t\t<div class=\"elementor-container elementor-column-gap-default\">\n\t\t\t\t\t<div class=\"elementor-column elementor-col-100 elementor-top-column elementor-element elementor-element-9cfce75\" data-id=\"9cfce75\" data-element_type=\"column\">\n\t\t\t<div class=\"elementor-widget-wrap elementor-element-populated\">\n\t\t\t\t\t\t\t\t<div class=\"elementor-element elementor-element-de5efd3 elementor-widget elementor-widget-nomady-posts-list\" data-id=\"de5efd3\" data-element_type=\"widget\" data-widget_type=\"nomady-posts-list.default\">\n\t\t\t\t<div class=\"elementor-widget-container\">\n\t\t\t<div id=\"mnmd-post-listing-de5efd3\" class=\"mnmd-post-listing mnmd-post-listing-list-portrait-no-sidebar\">        <section class=\"mnmd-section mnmd-section-main-section post-listing-section post-listing-section-list-portrait-no-sidebar\">\n            <div class=\"container\">\n                <div class=\"mnmd-section-inner\">\n                    \n                            <div class=\"post-listing-wrapper\" data-layout=\"list-portrait-no-sidebar\" data-query=\"orderby=date&amp;order=desc&amp;ignore_sticky_posts=1&amp;post_status=publish&amp;posts_per_page=4&amp;offset=0&amp;post_type=post&amp;tax_query%5B0%5D%5Btaxonomy%5D=category&amp;tax_query%5B0%5D%5Bfield%5D=term_id&amp;tax_query%5B0%5D%5Bterms%5D%5B0%5D=217\" data-current-page=\"1\" data-max-pages=\"5\" data-posts-per-page=\"4\" data-offset=\"0\" data-ignore-sticky-posts=\"yes\" data-columns=\"\" data-post-template=\"portrait-xl\" data-thumb-reverse=\"\" data-thumb-original-ratio=\"no\" data-post-format-icon=\"no\" data-post-meta-author=\"\" data-post-meta-date=\"no\">\r\n            <div class=\"post-listing-content stream-list-lg\">\r\n                <div class=\"stream-list-item\"><article class=\"post-item post-portrait post-portrait-xl post-12533 post type-post status-publish format-standard has-post-thumbnail hentry category-consejos-es\">\r\n\t<div class=\"post-image text-center\"><img decoding=\"async\" width=\"640\" height=\"427\" src=\"https:\/\/www.stagjobstoday.world\/blog\/wp-content\/uploads\/2022\/09\/trabajo-en-equipo-1.jpg\" class=\"attachment-nomady_lg_2_1 size-nomady_lg_2_1 wp-post-image\" alt=\"trabajo en equipo\" loading=\"lazy\" srcset=\"https:\/\/www.stagjobstoday.world\/blog\/wp-content\/uploads\/2022\/09\/trabajo-en-equipo-1.jpg 640w, https:\/\/www.stagjobstoday.world\/blog\/wp-content\/uploads\/2022\/09\/trabajo-en-equipo-1-300x200.jpg 300w, https:\/\/www.stagjobstoday.world\/blog\/wp-content\/uploads\/2022\/09\/trabajo-en-equipo-1-600x400.jpg 600w\" sizes=\"auto, (max-width: 640px) 100vw, 640px\" \/><a href=\"https:\/\/www.stagjobstoday.world\/blog\/es\/encuentra-la-motivacion-con-las-mejores-frases-de-trabajo-en-equipo\/\" class=\"link-overlay\"><\/a><\/div>\r\n\t<div class=\"post-text px-md-5\">\r\n\t\t<div class=\"post-meta\">\r\n\t\t\t\t\t\t<ul class=\"mnmd-post-categories\">\r\n\t\t\t<li><a class=\"post-category font-meta\" href=\"https:\/\/www.stagjobstoday.world\/blog\/es\/category\/consejos-es\/\" title=\"View all posts in Consejos\" rel=\"tag\">Consejos<\/a><\/li>\t\t\t<\/ul>\r\n\t\t\t\t\t<\/div>\r\n\r\n\t\t<h3 id=\"encuentra-la-motivacion-con-las-mejores-frases-de-trabajo-en-equipo\" class=\"h1-md h2-lg post-title entry-title h1-xl\">\r\n\t\t\t<a href=\"https:\/\/www.stagjobstoday.world\/blog\/es\/encuentra-la-motivacion-con-las-mejores-frases-de-trabajo-en-equipo\/\" rel=\"bookmark\">Encuentra la motivaci\u00f3n con las mejores frases de trabajo en equipo<\/a>\r\n\t\t<\/h3>\r\n\r\n\t\t\t\t\t<div class=\"post-excerpt post-excerpt-lg\">\r\n\t\t\t\tEl trabajo en equipo es una parte indispensable del d\u00eda a d\u00eda y por eso debemos cuidarlo. Y es que sentirse parte de algo importante es clave para hacerle frente a la desmotivaci\u00f3n.\t\t\t<\/div>\r\n\t\t\r\n\t\t\t\t\t<div class=\"post-footer d-flex justify-content-between flex-wrap\">\r\n\t\t\t\t<div class=\"post-meta post-footer-left mr-3\">\r\n\t\t\t\t\t<span class=\"post-author\">By&#8287;<a href=\"https:\/\/www.stagjobstoday.world\/blog\/es\/author\/adrian\/\" title=\"Entradas de Adrian\" rel=\"author\">Adrian<\/a><\/span>\t\t\t\t<\/div>\r\n\r\n\t\t\t\t<div class=\"post-meta post-footer-right\">\r\n\t\t\t\t\t<a class=\"post-footer-read-more st-btn-icon-animation-on-hover\" href=\"https:\/\/www.stagjobstoday.world\/blog\/es\/encuentra-la-motivacion-con-las-mejores-frases-de-trabajo-en-equipo\/\">Read more<\/a>\r\n\t\t\t\t<\/div>\r\n\t\t\t<\/div>\r\n\t\t\t<\/div>\r\n<\/article><\/div><div class=\"stream-list-item\"><article class=\"post-item post-portrait post-portrait-xl post-12413 post type-post status-publish format-standard has-post-thumbnail hentry category-consejos-es\">\r\n\t<div class=\"post-image text-center\"><img decoding=\"async\" width=\"800\" height=\"533\" src=\"https:\/\/www.stagjobstoday.world\/blog\/wp-content\/uploads\/2022\/09\/trabajar-en-barcelona.jpg\" class=\"attachment-nomady_lg_2_1 size-nomady_lg_2_1 wp-post-image\" alt=\"vivir y trabajar en barcelona\" loading=\"lazy\" srcset=\"https:\/\/www.stagjobstoday.world\/blog\/wp-content\/uploads\/2022\/09\/trabajar-en-barcelona.jpg 800w, https:\/\/www.stagjobstoday.world\/blog\/wp-content\/uploads\/2022\/09\/trabajar-en-barcelona-300x200.jpg 300w, https:\/\/www.stagjobstoday.world\/blog\/wp-content\/uploads\/2022\/09\/trabajar-en-barcelona-768x512.jpg 768w, https:\/\/www.stagjobstoday.world\/blog\/wp-content\/uploads\/2022\/09\/trabajar-en-barcelona-600x400.jpg 600w\" sizes=\"auto, (max-width: 800px) 100vw, 800px\" \/><a href=\"https:\/\/www.stagjobstoday.world\/blog\/es\/vivir-y-trabajar-en-barcelona\/\" class=\"link-overlay\"><\/a><\/div>\r\n\t<div class=\"post-text px-md-5\">\r\n\t\t<div class=\"post-meta\">\r\n\t\t\t\t\t\t<ul class=\"mnmd-post-categories\">\r\n\t\t\t<li><a class=\"post-category font-meta\" href=\"https:\/\/www.stagjobstoday.world\/blog\/es\/category\/consejos-es\/\" title=\"View all posts in Consejos\" rel=\"tag\">Consejos<\/a><\/li>\t\t\t<\/ul>\r\n\t\t\t\t\t<\/div>\r\n\r\n\t\t<h3 id=\"nuestros-consejos-para-vivir-y-trabajar-en-barcelona\" class=\"h1-md h2-lg post-title entry-title h1-xl\">\r\n\t\t\t<a href=\"https:\/\/www.stagjobstoday.world\/blog\/es\/vivir-y-trabajar-en-barcelona\/\" rel=\"bookmark\">Nuestros consejos para vivir y trabajar en Barcelona<\/a>\r\n\t\t<\/h3>\r\n\r\n\t\t\t\t\t<div class=\"post-excerpt post-excerpt-lg\">\r\n\t\t\t\tUna vez m\u00e1s, desde Jobstoday.world te apoyamos en tu b\u00fasqueda de empleo fuera de tu ciudad. Esta vez nos trasladamos a Barcelona, la capital de Catalu\u00f1a y una de las ciudades m\u00e1s cosmopolitas de Espa\u00f1a. Es muy posible que ya&hellip;\t\t\t<\/div>\r\n\t\t\r\n\t\t\t\t\t<div class=\"post-footer d-flex justify-content-between flex-wrap\">\r\n\t\t\t\t<div class=\"post-meta post-footer-left mr-3\">\r\n\t\t\t\t\t<span class=\"post-author\">By&#8287;<a href=\"https:\/\/www.stagjobstoday.world\/blog\/es\/author\/wiktor\/\" title=\"Entradas de Wiktor\" rel=\"author\">Wiktor<\/a><\/span>\t\t\t\t<\/div>\r\n\r\n\t\t\t\t<div class=\"post-meta post-footer-right\">\r\n\t\t\t\t\t<a class=\"post-footer-read-more st-btn-icon-animation-on-hover\" href=\"https:\/\/www.stagjobstoday.world\/blog\/es\/vivir-y-trabajar-en-barcelona\/\">Read more<\/a>\r\n\t\t\t\t<\/div>\r\n\t\t\t<\/div>\r\n\t\t\t<\/div>\r\n<\/article><\/div><div class=\"stream-list-item\"><article class=\"post-item post-portrait post-portrait-xl post-12357 post type-post status-publish format-standard has-post-thumbnail hentry category-consejos-es\">\r\n\t<div class=\"post-image text-center\"><img decoding=\"async\" width=\"750\" height=\"563\" src=\"https:\/\/www.stagjobstoday.world\/blog\/wp-content\/uploads\/2022\/09\/rutina.jpeg\" class=\"attachment-nomady_lg_2_1 size-nomady_lg_2_1 wp-post-image\" alt=\"Depresi\u00f3n postvacacional\" loading=\"lazy\" srcset=\"https:\/\/www.stagjobstoday.world\/blog\/wp-content\/uploads\/2022\/09\/rutina.jpeg 750w, https:\/\/www.stagjobstoday.world\/blog\/wp-content\/uploads\/2022\/09\/rutina-300x225.jpeg 300w, https:\/\/www.stagjobstoday.world\/blog\/wp-content\/uploads\/2022\/09\/rutina-600x450.jpeg 600w\" sizes=\"auto, (max-width: 750px) 100vw, 750px\" \/><a href=\"https:\/\/www.stagjobstoday.world\/blog\/es\/depresion-postvacacional-volver-a-la-rutina\/\" class=\"link-overlay\"><\/a><\/div>\r\n\t<div class=\"post-text px-md-5\">\r\n\t\t<div class=\"post-meta\">\r\n\t\t\t\t\t\t<ul class=\"mnmd-post-categories\">\r\n\t\t\t<li><a class=\"post-category font-meta\" href=\"https:\/\/www.stagjobstoday.world\/blog\/es\/category\/consejos-es\/\" title=\"View all posts in Consejos\" rel=\"tag\">Consejos<\/a><\/li>\t\t\t<\/ul>\r\n\t\t\t\t\t<\/div>\r\n\r\n\t\t<h3 id=\"depresion-postvacacional-los-5-consejos-clave-para-volver-a-la-rutina\" class=\"h1-md h2-lg post-title entry-title h1-xl\">\r\n\t\t\t<a href=\"https:\/\/www.stagjobstoday.world\/blog\/es\/depresion-postvacacional-volver-a-la-rutina\/\" rel=\"bookmark\">\u00bfDepresi\u00f3n postvacacional? Los 5 consejos clave para volver a la rutina<\/a>\r\n\t\t<\/h3>\r\n\r\n\t\t\t\t\t<div class=\"post-excerpt post-excerpt-lg\">\r\n\t\t\t\t\u00bfUna enfermedad? \u00bfUn s\u00edntoma de los problemas del sistema? \u00bfO simplemente un estr\u00e9s normal? Septiembre siempre se hace cuesta arriba. La vuelta a la rutina tras unas largas semanas de verano y vacaciones no es f\u00e1cil nunca. Pero, \u00bfpuede considerarse&hellip;\t\t\t<\/div>\r\n\t\t\r\n\t\t\t\t\t<div class=\"post-footer d-flex justify-content-between flex-wrap\">\r\n\t\t\t\t<div class=\"post-meta post-footer-left mr-3\">\r\n\t\t\t\t\t<span class=\"post-author\">By&#8287;<a href=\"https:\/\/www.stagjobstoday.world\/blog\/es\/author\/wiktor\/\" title=\"Entradas de Wiktor\" rel=\"author\">Wiktor<\/a><\/span>\t\t\t\t<\/div>\r\n\r\n\t\t\t\t<div class=\"post-meta post-footer-right\">\r\n\t\t\t\t\t<a class=\"post-footer-read-more st-btn-icon-animation-on-hover\" href=\"https:\/\/www.stagjobstoday.world\/blog\/es\/depresion-postvacacional-volver-a-la-rutina\/\">Read more<\/a>\r\n\t\t\t\t<\/div>\r\n\t\t\t<\/div>\r\n\t\t\t<\/div>\r\n<\/article><\/div><div class=\"stream-list-item\"><article class=\"post-item post-portrait post-portrait-xl post-10285 post type-post status-publish format-standard has-post-thumbnail hentry category-consejos-es\">\r\n\t<div class=\"post-image text-center\"><img decoding=\"async\" width=\"1279\" height=\"800\" src=\"https:\/\/www.stagjobstoday.world\/blog\/wp-content\/uploads\/2022\/08\/Vivir-en-Valencia-1279x800.webp\" class=\"attachment-nomady_lg_2_1 size-nomady_lg_2_1 wp-post-image\" alt=\"\" loading=\"lazy\" \/><a href=\"https:\/\/www.stagjobstoday.world\/blog\/es\/nuestros-consejos-para-vivir-y-trabajar-en-valencia\/\" class=\"link-overlay\"><\/a><\/div>\r\n\t<div class=\"post-text px-md-5\">\r\n\t\t<div class=\"post-meta\">\r\n\t\t\t\t\t\t<ul class=\"mnmd-post-categories\">\r\n\t\t\t<li><a class=\"post-category font-meta\" href=\"https:\/\/www.stagjobstoday.world\/blog\/es\/category\/consejos-es\/\" title=\"View all posts in Consejos\" rel=\"tag\">Consejos<\/a><\/li>\t\t\t<\/ul>\r\n\t\t\t\t\t<\/div>\r\n\r\n\t\t<h3 id=\"nuestros-consejos-para-vivir-y-trabajar-en-valencia\" class=\"h1-md h2-lg post-title entry-title h1-xl\">\r\n\t\t\t<a href=\"https:\/\/www.stagjobstoday.world\/blog\/es\/nuestros-consejos-para-vivir-y-trabajar-en-valencia\/\" rel=\"bookmark\">Nuestros consejos para vivir y trabajar en Valencia<\/a>\r\n\t\t<\/h3>\r\n\r\n\t\t\t\t\t<div class=\"post-excerpt post-excerpt-lg\">\r\n\t\t\t\tCambiar de ciudad no es f\u00e1cil. \u00a1Y decidir ad\u00f3nde te mudas, mucho menos! Si has entrado en este blog es porque est\u00e1s pensando en trabajar en Valencia. Quiz\u00e1 ya has conocido la ciudad y te has enamorado.\t\t\t<\/div>\r\n\t\t\r\n\t\t\t\t\t<div class=\"post-footer d-flex justify-content-between flex-wrap\">\r\n\t\t\t\t<div class=\"post-meta post-footer-left mr-3\">\r\n\t\t\t\t\t<span class=\"post-author\">By&#8287;<a href=\"https:\/\/www.stagjobstoday.world\/blog\/es\/author\/adrian\/\" title=\"Entradas de Adrian\" rel=\"author\">Adrian<\/a><\/span>\t\t\t\t<\/div>\r\n\r\n\t\t\t\t<div class=\"post-meta post-footer-right\">\r\n\t\t\t\t\t<a class=\"post-footer-read-more st-btn-icon-animation-on-hover\" href=\"https:\/\/www.stagjobstoday.world\/blog\/es\/nuestros-consejos-para-vivir-y-trabajar-en-valencia\/\">Read more<\/a>\r\n\t\t\t\t<\/div>\r\n\t\t\t<\/div>\r\n\t\t\t<\/div>\r\n<\/article><\/div>            <\/div>\r\n\r\n            \r\n                            <div class=\"post-listing-pagination\">\r\n                \t\t\t\t\t<nav class=\"navigation pagination mnmd-pagination mnmd-pagination-default\">\r\n\t\t\t\t\t\t<h2 id=\"posts-navigation\" class=\"screen-reader-text\">Posts navigation<\/h2>\r\n\t\t\t\t\t\t<div class=\"nav-links d-flex align-items-center justify-content-center is-on-first-page\">\r\n\t\t\t\t\t\t\t<span aria-current=\"page\" class=\"page-numbers current\">1<\/span>\n<a class=\"page-numbers\" href=\"https:\/\/www.stagjobstoday.world\/blog\/es\/wp-json\/wp\/v2\/pages\/12217\/page\/2\/\">2<\/a>\n<span class=\"page-numbers dots\">&hellip;<\/span>\n<a class=\"page-numbers\" href=\"https:\/\/www.stagjobstoday.world\/blog\/es\/wp-json\/wp\/v2\/pages\/12217\/page\/5\/\">5<\/a>\n<a class=\"next page-numbers\" href=\"https:\/\/www.stagjobstoday.world\/blog\/es\/wp-json\/wp\/v2\/pages\/12217\/page\/2\/\"><span class=\"sr-only\">Next page<\/span><span class=\"mnmd-pagination-circle\"><svg width=\"48px\" height=\"48px\" viewBox=\"0 0 100 100\"><circle class=\"anicircle\" cx=\"50\" cy=\"50\" r=\"48\"\/><\/svg><\/span><span class=\"mnmd-icon mnmd-icon-md\" aria-hidden=\"true\" ><svg xmlns=\"http:\/\/www.w3.org\/2000\/svg\" width=\"24\" height=\"24\" viewBox=\"0 0 24 24\"><title>arrow-right<\/title><path d=\"M23.225 12.175l-7.2-7.2c-.234-.234-.614-.234-.848 0s-.234.614 0 .848l6.175 6.175H1.8c-.331 0-.6.269-.6.6s.269.6.6.6h19.552l-6.175 6.175c-.234.234-.234.614 0 .848.118.118.271.175.425.175s.307-.059.425-.175l7.2-7.2c.234-.234.234-.614 0-.848z\"\/><\/svg><\/span><\/a>\t\t\t\t\t\t<\/div>\r\n\t\t\t\t\t<\/nav>\r\n\t\t\t\t\t                <\/div>\r\n                    <\/div>\r\n                    <\/div>\n            <\/div>\n        <\/section>\n    <\/div>\t\t<\/div>\n\t\t\t\t<\/div>\n\t\t\t\t\t<\/div>\n\t\t<\/div>\n\t\t\t\t\t\t\t<\/div>\n\t\t<\/section>\n\t\t\t\t\t\t\t<\/div>\n\t\t","protected":false},"excerpt":{"rendered":"<p>Consejos \u00bfY si puedes optar a jornada intensiva y no lo sab\u00edas?\ufffc Muchas compa\u00f1\u00edas inician en verano su jornada intensiva. \u00bfSabes si puedes solicitarla? En este post te respondemos. By\u205fAdrian Read more Consejos C\u00d3MO ESCRIBIR UNA OFERTA DE TRABAJO\u2026 Y NO MORIR EN EL INTENTO Tu oferta de trabajo lleva d\u00edas publicada, pero todav\u00eda no [&hellip;]<\/p>\n","protected":false},"author":5,"featured_media":0,"parent":0,"menu_order":0,"comment_status":"closed","ping_status":"closed","template":"","meta":{"footnotes":""},"class_list":["post-12217","page","type-page","status-publish","hentry"],"acf":[],"yoast_head":"<!-- This site is optimized with the Yoast SEO plugin v19.4 - https:\/\/yoast.com\/wordpress\/plugins\/seo\/ -->\n<title>Consejos - Jobstoday<\/title>\n<meta name=\"robots\" content=\"index, follow, max-snippet:-1, max-image-preview:large, max-video-preview:-1\" \/>\n<link rel=\"canonical\" href=\"https:\/\/www.stagjobstoday.world\/blog\/es\/consejos\/\" \/>\n<meta property=\"og:locale\" content=\"es_ES\" \/>\n<meta property=\"og:type\" content=\"article\" \/>\n<meta property=\"og:title\" content=\"Consejos - Jobstoday\" \/>\n<meta property=\"og:description\" content=\"Consejos \u00bfY si puedes optar a jornada intensiva y no lo sab\u00edas?\ufffc Muchas compa\u00f1\u00edas inician en verano su jornada intensiva. \u00bfSabes si puedes solicitarla? En este post te respondemos. By\u205fAdrian Read more Consejos C\u00d3MO ESCRIBIR UNA OFERTA DE TRABAJO\u2026 Y NO MORIR EN EL INTENTO Tu oferta de trabajo lleva d\u00edas publicada, pero todav\u00eda no [&hellip;]\" \/>\n<meta property=\"og:url\" content=\"https:\/\/www.stagjobstoday.world\/blog\/es\/consejos\/\" \/>\n<meta property=\"og:site_name\" content=\"Jobstoday\" \/>\n<meta property=\"article:modified_time\" content=\"2022-08-24T10:07:44+00:00\" \/>\n<meta property=\"og:image\" content=\"https:\/\/www.jobstoday.world\/blog\/wp-content\/uploads\/2022\/08\/jornada-intensiva.jpg\" \/>\n<meta name=\"twitter:card\" content=\"summary_large_image\" \/>\n<meta name=\"twitter:label1\" content=\"Tiempo de lectura\" \/>\n\t<meta name=\"twitter:data1\" content=\"2 minutos\" \/>\n<script type=\"application\/ld+json\" class=\"yoast-schema-graph\">{\"@context\":\"https:\/\/schema.org\",\"@graph\":[{\"@type\":\"WebSite\",\"@id\":\"https:\/\/www.stagjobstoday.world\/blog\/#website\",\"url\":\"https:\/\/www.stagjobstoday.world\/blog\/\",\"name\":\"Jobstoday\",\"description\":\"\",\"potentialAction\":[{\"@type\":\"SearchAction\",\"target\":{\"@type\":\"EntryPoint\",\"urlTemplate\":\"https:\/\/www.stagjobstoday.world\/blog\/?s={search_term_string}\"},\"query-input\":\"required name=search_term_string\"}],\"inLanguage\":\"es\"},{\"@type\":\"WebPage\",\"@id\":\"https:\/\/www.stagjobstoday.world\/blog\/es\/consejos\/\",\"url\":\"https:\/\/www.stagjobstoday.world\/blog\/es\/consejos\/\",\"name\":\"Consejos - Jobstoday\",\"isPartOf\":{\"@id\":\"https:\/\/www.stagjobstoday.world\/blog\/#website\"},\"datePublished\":\"2022-08-24T09:58:41+00:00\",\"dateModified\":\"2022-08-24T10:07:44+00:00\",\"breadcrumb\":{\"@id\":\"https:\/\/www.stagjobstoday.world\/blog\/es\/consejos\/#breadcrumb\"},\"inLanguage\":\"es\",\"potentialAction\":[{\"@type\":\"ReadAction\",\"target\":[\"https:\/\/www.stagjobstoday.world\/blog\/es\/consejos\/\"]}]},{\"@type\":\"BreadcrumbList\",\"@id\":\"https:\/\/www.stagjobstoday.world\/blog\/es\/consejos\/#breadcrumb\",\"itemListElement\":[{\"@type\":\"ListItem\",\"position\":1,\"name\":\"Consejos\"}]}]}<\/script>\n<!-- \/ Yoast SEO plugin. -->","yoast_head_json":{"title":"Consejos - Jobstoday","robots":{"index":"index","follow":"follow","max-snippet":"max-snippet:-1","max-image-preview":"max-image-preview:large","max-video-preview":"max-video-preview:-1"},"canonical":"https:\/\/www.stagjobstoday.world\/blog\/es\/consejos\/","og_locale":"es_ES","og_type":"article","og_title":"Consejos - Jobstoday","og_description":"Consejos \u00bfY si puedes optar a jornada intensiva y no lo sab\u00edas?\ufffc Muchas compa\u00f1\u00edas inician en verano su jornada intensiva. \u00bfSabes si puedes solicitarla? En este post te respondemos. By\u205fAdrian Read more Consejos C\u00d3MO ESCRIBIR UNA OFERTA DE TRABAJO\u2026 Y NO MORIR EN EL INTENTO Tu oferta de trabajo lleva d\u00edas publicada, pero todav\u00eda no [&hellip;]","og_url":"https:\/\/www.stagjobstoday.world\/blog\/es\/consejos\/","og_site_name":"Jobstoday","article_modified_time":"2022-08-24T10:07:44+00:00","og_image":[{"url":"https:\/\/www.jobstoday.world\/blog\/wp-content\/uploads\/2022\/08\/jornada-intensiva.jpg"}],"twitter_card":"summary_large_image","twitter_misc":{"Tiempo de lectura":"2 minutos"},"schema":{"@context":"https:\/\/schema.org","@graph":[{"@type":"WebSite","@id":"https:\/\/www.stagjobstoday.world\/blog\/#website","url":"https:\/\/www.stagjobstoday.world\/blog\/","name":"Jobstoday","description":"","potentialAction":[{"@type":"SearchAction","target":{"@type":"EntryPoint","urlTemplate":"https:\/\/www.stagjobstoday.world\/blog\/?s={search_term_string}"},"query-input":"required name=search_term_string"}],"inLanguage":"es"},{"@type":"WebPage","@id":"https:\/\/www.stagjobstoday.world\/blog\/es\/consejos\/","url":"https:\/\/www.stagjobstoday.world\/blog\/es\/consejos\/","name":"Consejos - Jobstoday","isPartOf":{"@id":"https:\/\/www.stagjobstoday.world\/blog\/#website"},"datePublished":"2022-08-24T09:58:41+00:00","dateModified":"2022-08-24T10:07:44+00:00","breadcrumb":{"@id":"https:\/\/www.stagjobstoday.world\/blog\/es\/consejos\/#breadcrumb"},"inLanguage":"es","potentialAction":[{"@type":"ReadAction","target":["https:\/\/www.stagjobstoday.world\/blog\/es\/consejos\/"]}]},{"@type":"BreadcrumbList","@id":"https:\/\/www.stagjobstoday.world\/blog\/es\/consejos\/#breadcrumb","itemListElement":[{"@type":"ListItem","position":1,"name":"Consejos"}]}]}},"_links":{"self":[{"href":"https:\/\/www.stagjobstoday.world\/blog\/es\/wp-json\/wp\/v2\/pages\/12217","targetHints":{"allow":["GET"]}}],"collection":[{"href":"https:\/\/www.stagjobstoday.world\/blog\/es\/wp-json\/wp\/v2\/pages"}],"about":[{"href":"https:\/\/www.stagjobstoday.world\/blog\/es\/wp-json\/wp\/v2\/types\/page"}],"author":[{"embeddable":true,"href":"https:\/\/www.stagjobstoday.world\/blog\/es\/wp-json\/wp\/v2\/users\/5"}],"replies":[{"embeddable":true,"href":"https:\/\/www.stagjobstoday.world\/blog\/es\/wp-json\/wp\/v2\/comments?post=12217"}],"version-history":[{"count":8,"href":"https:\/\/www.stagjobstoday.world\/blog\/es\/wp-json\/wp\/v2\/pages\/12217\/revisions"}],"predecessor-version":[{"id":12225,"href":"https:\/\/www.stagjobstoday.world\/blog\/es\/wp-json\/wp\/v2\/pages\/12217\/revisions\/12225"}],"wp:attachment":[{"href":"https:\/\/www.stagjobstoday.world\/blog\/es\/wp-json\/wp\/v2\/media?parent=12217"}],"curies":[{"name":"wp","href":"https:\/\/api.w.org\/{rel}","templated":true}]}}